


{"id":4072,"date":"2025-11-09T15:58:12","date_gmt":"2025-11-09T20:58:12","guid":{"rendered":"https:\/\/expomobile.co\/guide\/?page_id=4072"},"modified":"2026-04-15T09:24:10","modified_gmt":"2026-04-15T14:24:10","slug":"registro-edicion-mexico","status":"publish","type":"page","link":"https:\/\/expomobile.co\/guide\/registro-edicion-mexico\/","title":{"rendered":"Registro Edici\u00f3n M\u00e9xico"},"content":{"rendered":"\t\t<div data-elementor-type=\"wp-page\" data-elementor-id=\"4072\" class=\"elementor elementor-4072\" data-elementor-post-type=\"page\">\n\t\t\t\t<div class=\"elementor-element elementor-element-48d46cb elementor-hidden-desktop elementor-hidden-tablet elementor-hidden-mobile e-flex e-con-boxed e-con e-parent\" data-id=\"48d46cb\" data-element_type=\"container\" data-settings=\"{&quot;background_background&quot;:&quot;classic&quot;}\">\n\t\t\t\t\t<div class=\"e-con-inner\">\n\t\t\n\t\t<div class=\"elementor-element elementor-element-3481730 elementor-widget elementor-widget-shortcode\" data-id=\"3481730\" data-element_type=\"widget\" data-widget_type=\"shortcode.default\">\n\t\t\t\t<div class=\"elementor-widget-container\">\n\t\t\t\t\t<div class=\"elementor-shortcode\">\n        <div class=\"expo-form\">\n          \n          <h3 class=\"expo-form-title\">Registro <br>ExpoMobile Panam\u00e1 2026<\/h3>\n          <p class=\"expo-form-copy\">\n            Completa tu registro para asistir a <strong>ExpoMobile Panam\u00e1 2026<\/strong>.\n          <\/p>\n\n          \n          <form method=\"post\" action=\"\">\n            <div class=\"field\">\n              <label>Nombres y apellidos<\/label>\n               <input type=\"text\" name=\"nombre\" value=\"\" required maxlength=\"30\" placeholder=\"Ej: Juan P\u00e9rez\">\n            <\/div>\n\n            <div class=\"field\">\n              <label>Tipo de documento<\/label>\n              <select name=\"tipo_documento\" required>\n                <option value=\"\">Seleccionar<\/option>\n                <option value=\"ID\"                  >ID<\/option>\n                <option value=\"Pasaporte\"           >Pasaporte<\/option>\n                <option value=\"C\u00e9dula de extranjer\u00eda\" >C\u00e9dula de extranjer\u00eda<\/option>\n                <option value=\"Otro\"                >Otro<\/option>\n              <\/select>\n            <\/div>\n\n            <div class=\"field\">\n              <label>Identificaci\u00f3n<\/label>\n               <input type=\"text\" name=\"cedula\" value=\"\" required maxlength=\"30\" placeholder=\"N\u00famero de tu documento (ej: 1234567890)\">\n            <\/div>\n\n\t\t\t\t<div class=\"field\">\n\t\t\t\t  <label>Empresa<\/label>\n\t\t\t\t  <input\n\t\t\t\t\ttype=\"text\"\n\t\t\t\t\tname=\"empresa\"\n\t\t\t\tvalue=\"\"\n\t\t\t\tplaceholder=\"Nombre de la empresa\"\n\t\t\t\trequired\n\t\t\t\t\tmaxlength=\"30\"\n\t\t\t\t  >\n\t\t\t\t<\/div>\n\n\t            \n\t            <div class=\"field\">\n\t              <label>C\u00f3mo quieres participar<\/label>\n\t              <select name=\"rol\" required>\n\t                <option value=\"\">Seleccionar<\/option>\n\t                <option value=\"Visitante\" >Visitante<\/option>\n                <option value=\"Comprador\" >Comprador<\/option>\n              <\/select>\n            <\/div>\n\n            \n            <div class=\"field\">\n              <label>Tel\u00e9fono<\/label>\n              <div class=\"row-flex\">\n                <select name=\"telefono_indicativo\">\n                  <option value=\"+57\" selected>\ud83c\udde8\ud83c\uddf4 +57 Colombia<\/option><option value=\"+1\" >\ud83c\uddfa\ud83c\uddf8 +1 Estados Unidos \/ \ud83c\udde8\ud83c\udde6 Canad\u00e1<\/option><option value=\"+52\" >\ud83c\uddf2\ud83c\uddfd +52 M\u00e9xico<\/option><option value=\"+54\" >\ud83c\udde6\ud83c\uddf7 +54 Argentina<\/option><option value=\"+55\" >\ud83c\udde7\ud83c\uddf7 +55 Brasil<\/option><option value=\"+56\" >\ud83c\udde8\ud83c\uddf1 +56 Chile<\/option><option value=\"+51\" >\ud83c\uddf5\ud83c\uddea +51 Per\u00fa<\/option><option value=\"+58\" >\ud83c\uddfb\ud83c\uddea +58 Venezuela<\/option><option value=\"+593\" >\ud83c\uddea\ud83c\udde8 +593 Ecuador<\/option><option value=\"+502\" >\ud83c\uddec\ud83c\uddf9 +502 Guatemala<\/option><option value=\"+503\" >\ud83c\uddf8\ud83c\uddfb +503 El Salvador<\/option><option value=\"+504\" >\ud83c\udded\ud83c\uddf3 +504 Honduras<\/option><option value=\"+505\" >\ud83c\uddf3\ud83c\uddee +505 Nicaragua<\/option><option value=\"+506\" >\ud83c\udde8\ud83c\uddf7 +506 Costa Rica<\/option><option value=\"+507\" >\ud83c\uddf5\ud83c\udde6 +507 Panam\u00e1<\/option><option value=\"+53\" >\ud83c\udde8\ud83c\uddfa +53 Cuba<\/option><option value=\"+34\" >\ud83c\uddea\ud83c\uddf8 +34 Espa\u00f1a<\/option><option value=\"+39\" >\ud83c\uddee\ud83c\uddf9 +39 Italia<\/option><option value=\"+33\" >\ud83c\uddeb\ud83c\uddf7 +33 Francia<\/option><option value=\"+49\" >\ud83c\udde9\ud83c\uddea +49 Alemania<\/option><option value=\"+44\" >\ud83c\uddec\ud83c\udde7 +44 Reino Unido<\/option><option value=\"+351\" >\ud83c\uddf5\ud83c\uddf9 +351 Portugal<\/option><option value=\"+41\" >\ud83c\udde8\ud83c\udded +41 Suiza<\/option><option value=\"+32\" >\ud83c\udde7\ud83c\uddea +32 B\u00e9lgica<\/option><option value=\"+31\" >\ud83c\uddf3\ud83c\uddf1 +31 Pa\u00edses Bajos<\/option><option value=\"+47\" >\ud83c\uddf3\ud83c\uddf4 +47 Noruega<\/option><option value=\"+46\" >\ud83c\uddf8\ud83c\uddea +46 Suecia<\/option><option value=\"+45\" >\ud83c\udde9\ud83c\uddf0 +45 Dinamarca<\/option><option value=\"+358\" >\ud83c\uddeb\ud83c\uddee +358 Finlandia<\/option><option value=\"+81\" >\ud83c\uddef\ud83c\uddf5 +81 Jap\u00f3n<\/option><option value=\"+82\" >\ud83c\uddf0\ud83c\uddf7 +82 Corea del Sur<\/option><option value=\"+86\" >\ud83c\udde8\ud83c\uddf3 +86 China<\/option><option value=\"+91\" >\ud83c\uddee\ud83c\uddf3 +91 India<\/option><option value=\"+62\" >\ud83c\uddee\ud83c\udde9 +62 Indonesia<\/option><option value=\"+63\" >\ud83c\uddf5\ud83c\udded +63 Filipinas<\/option><option value=\"+66\" >\ud83c\uddf9\ud83c\udded +66 Tailandia<\/option><option value=\"+90\" >\ud83c\uddf9\ud83c\uddf7 +90 Turqu\u00eda<\/option><option value=\"+7\" >\ud83c\uddf7\ud83c\uddfa +7 Rusia<\/option><option value=\"+380\" >\ud83c\uddfa\ud83c\udde6 +380 Ucrania<\/option><option value=\"+48\" >\ud83c\uddf5\ud83c\uddf1 +48 Polonia<\/option><option value=\"+420\" >\ud83c\udde8\ud83c\uddff +420 Rep\u00fablica Checa<\/option><option value=\"+421\" >\ud83c\uddf8\ud83c\uddf0 +421 Eslovaquia<\/option><option value=\"+36\" >\ud83c\udded\ud83c\uddfa +36 Hungr\u00eda<\/option><option value=\"+40\" >\ud83c\uddf7\ud83c\uddf4 +40 Rumania<\/option><option value=\"+30\" >\ud83c\uddec\ud83c\uddf7 +30 Grecia<\/option><option value=\"+20\" >\ud83c\uddea\ud83c\uddec +20 Egipto<\/option><option value=\"+212\" >\ud83c\uddf2\ud83c\udde6 +212 Marruecos<\/option><option value=\"+213\" >\ud83c\udde9\ud83c\uddff +213 Argelia<\/option><option value=\"+216\" >\ud83c\uddf9\ud83c\uddf3 +216 T\u00fanez<\/option><option value=\"+27\" >\ud83c\uddff\ud83c\udde6 +27 Sud\u00e1frica<\/option><option value=\"+254\" >\ud83c\uddf0\ud83c\uddea +254 Kenia<\/option><option value=\"+255\" >\ud83c\uddf9\ud83c\uddff +255 Tanzania<\/option><option value=\"+234\" >\ud83c\uddf3\ud83c\uddec +234 Nigeria<\/option><option value=\"+61\" >\ud83c\udde6\ud83c\uddfa +61 Australia<\/option><option value=\"+64\" >\ud83c\uddf3\ud83c\uddff +64 Nueva Zelanda<\/option>                <\/select>\n                <input type=\"tel\" name=\"telefono\" value=\"\" placeholder=\"N\u00famero\" maxlength=\"20\" required>\n              <\/div>\n            <\/div>\n\n            <div class=\"field\">\n              <label>Correo<\/label>\n              <input type=\"email\" name=\"email\" value=\"\" required maxlength=\"40\" placeholder=\"tucorreo@ejemplo.com\">\n            <\/div>\n\n            <div class=\"field\">\n              <label>Pa\u00eds<\/label>\n              <select name=\"pais\" required>\n                <option value=\"\">Seleccionar pa\u00eds<\/option>\n                <option value=\"Colombia\" >\ud83c\udde8\ud83c\uddf4 Colombia<\/option><option value=\"Argentina\" >\ud83c\udde6\ud83c\uddf7 Argentina<\/option><option value=\"Bolivia\" >\ud83c\udde7\ud83c\uddf4 Bolivia<\/option><option value=\"Brasil\" >\ud83c\udde7\ud83c\uddf7 Brasil<\/option><option value=\"Chile\" >\ud83c\udde8\ud83c\uddf1 Chile<\/option><option value=\"Costa Rica\" >\ud83c\udde8\ud83c\uddf7 Costa Rica<\/option><option value=\"Cuba\" >\ud83c\udde8\ud83c\uddfa Cuba<\/option><option value=\"Ecuador\" >\ud83c\uddea\ud83c\udde8 Ecuador<\/option><option value=\"El Salvador\" >\ud83c\uddf8\ud83c\uddfb El Salvador<\/option><option value=\"Guatemala\" >\ud83c\uddec\ud83c\uddf9 Guatemala<\/option><option value=\"Honduras\" >\ud83c\udded\ud83c\uddf3 Honduras<\/option><option value=\"M\u00e9xico\" >\ud83c\uddf2\ud83c\uddfd M\u00e9xico<\/option><option value=\"Nicaragua\" >\ud83c\uddf3\ud83c\uddee Nicaragua<\/option><option value=\"Panam\u00e1\" >\ud83c\uddf5\ud83c\udde6 Panam\u00e1<\/option><option value=\"Paraguay\" >\ud83c\uddf5\ud83c\uddfe Paraguay<\/option><option value=\"Per\u00fa\" >\ud83c\uddf5\ud83c\uddea Per\u00fa<\/option><option value=\"Rep\u00fablica Dominicana\" >\ud83c\udde9\ud83c\uddf4 Rep\u00fablica Dominicana<\/option><option value=\"Uruguay\" >\ud83c\uddfa\ud83c\uddfe Uruguay<\/option><option value=\"Venezuela\" >\ud83c\uddfb\ud83c\uddea Venezuela<\/option><option value=\"Estados Unidos\" >\ud83c\uddfa\ud83c\uddf8 Estados Unidos<\/option><option value=\"Canad\u00e1\" >\ud83c\udde8\ud83c\udde6 Canad\u00e1<\/option><option value=\"Espa\u00f1a\" >\ud83c\uddea\ud83c\uddf8 Espa\u00f1a<\/option><option value=\"Portugal\" >\ud83c\uddf5\ud83c\uddf9 Portugal<\/option><option value=\"Francia\" >\ud83c\uddeb\ud83c\uddf7 Francia<\/option><option value=\"Italia\" >\ud83c\uddee\ud83c\uddf9 Italia<\/option><option value=\"Alemania\" >\ud83c\udde9\ud83c\uddea Alemania<\/option><option value=\"Reino Unido\" >\ud83c\uddec\ud83c\udde7 Reino Unido<\/option><option value=\"Pa\u00edses Bajos\" >\ud83c\uddf3\ud83c\uddf1 Pa\u00edses Bajos<\/option><option value=\"B\u00e9lgica\" >\ud83c\udde7\ud83c\uddea B\u00e9lgica<\/option><option value=\"Suiza\" >\ud83c\udde8\ud83c\udded Suiza<\/option><option value=\"Noruega\" >\ud83c\uddf3\ud83c\uddf4 Noruega<\/option><option value=\"Suecia\" >\ud83c\uddf8\ud83c\uddea Suecia<\/option><option value=\"Dinamarca\" >\ud83c\udde9\ud83c\uddf0 Dinamarca<\/option><option value=\"Finlandia\" >\ud83c\uddeb\ud83c\uddee Finlandia<\/option><option value=\"Irlanda\" >\ud83c\uddee\ud83c\uddea Irlanda<\/option><option value=\"Grecia\" >\ud83c\uddec\ud83c\uddf7 Grecia<\/option><option value=\"Polonia\" >\ud83c\uddf5\ud83c\uddf1 Polonia<\/option><option value=\"Rep\u00fablica Checa\" >\ud83c\udde8\ud83c\uddff Rep\u00fablica Checa<\/option><option value=\"Hungr\u00eda\" >\ud83c\udded\ud83c\uddfa Hungr\u00eda<\/option><option value=\"Rumania\" >\ud83c\uddf7\ud83c\uddf4 Rumania<\/option><option value=\"Rusia\" >\ud83c\uddf7\ud83c\uddfa Rusia<\/option><option value=\"Ucrania\" >\ud83c\uddfa\ud83c\udde6 Ucrania<\/option><option value=\"Turqu\u00eda\" >\ud83c\uddf9\ud83c\uddf7 Turqu\u00eda<\/option><option value=\"Marruecos\" >\ud83c\uddf2\ud83c\udde6 Marruecos<\/option><option value=\"Egipto\" >\ud83c\uddea\ud83c\uddec Egipto<\/option><option value=\"Argelia\" >\ud83c\udde9\ud83c\uddff Argelia<\/option><option value=\"T\u00fanez\" >\ud83c\uddf9\ud83c\uddf3 T\u00fanez<\/option><option value=\"Sud\u00e1frica\" >\ud83c\uddff\ud83c\udde6 Sud\u00e1frica<\/option><option value=\"Nigeria\" >\ud83c\uddf3\ud83c\uddec Nigeria<\/option><option value=\"Kenia\" >\ud83c\uddf0\ud83c\uddea Kenia<\/option><option value=\"Etiop\u00eda\" >\ud83c\uddea\ud83c\uddf9 Etiop\u00eda<\/option><option value=\"India\" >\ud83c\uddee\ud83c\uddf3 India<\/option><option value=\"China\" >\ud83c\udde8\ud83c\uddf3 China<\/option><option value=\"Jap\u00f3n\" >\ud83c\uddef\ud83c\uddf5 Jap\u00f3n<\/option><option value=\"Corea del Sur\" >\ud83c\uddf0\ud83c\uddf7 Corea del Sur<\/option><option value=\"Indonesia\" >\ud83c\uddee\ud83c\udde9 Indonesia<\/option><option value=\"Filipinas\" >\ud83c\uddf5\ud83c\udded Filipinas<\/option><option value=\"Tailandia\" >\ud83c\uddf9\ud83c\udded Tailandia<\/option><option value=\"Australia\" >\ud83c\udde6\ud83c\uddfa Australia<\/option><option value=\"Nueva Zelanda\" >\ud83c\uddf3\ud83c\uddff Nueva Zelanda<\/option><option value=\"Otro\" >\ud83c\udf0d Otro<\/option>              <\/select>\n            <\/div>\n\n            <div class=\"field\">\n              <label>\u00bfEn qu\u00e9 segmento est\u00e1s interesado?<\/label>\n              <select name=\"segmento\" required>\n                <option value=\"\">Seleccionar<\/option>\n                <option value=\"Encontrar nuevos clientes \/ compradores\" >Encontrar nuevos clientes \/ compradores<\/option>\n                <option value=\"Atender a proveedores \/ abastecimiento de inventario\" >Atender a proveedores \/ abastecimiento de inventario<\/option>\n                <option value=\"Explorando software y herramientas\" >Explorando software y herramientas<\/option>\n                <option value=\"Construyendo alianzas internacionales\" >Construyendo alianzas internacionales<\/option>\n                <option value=\"Mejores pr\u00e1cticas en la industria del aprendizaje\" >Mejores pr\u00e1cticas en la industria del aprendizaje<\/option>\n              <\/select>\n            <\/div>\n\n            <div class=\"field\">\n              <label>\u00bfA qu\u00e9 sector de la industria perteneces?<\/label>\n              <select name=\"sector\" required>\n                <option value=\"\">Seleccionar<\/option>\n                <option value=\"Mayorista\"             >Mayorista<\/option>\n                <option value=\"Minorista\"             >Minorista<\/option>\n                <option value=\"Marca\"                 >Marca<\/option>\n                <option value=\"Reparaci\u00f3n de celulares\" >Reparaci\u00f3n de celulares<\/option>\n                <option value=\"Servicios\"             >Servicios<\/option>\n              <\/select>\n            <\/div>\n\n\t            \n            <div class=\"field captcha\">\n              <label>Verificaci\u00f3n: \u00bfcu\u00e1nto es 7 + 3?<\/label>\n              <input type=\"number\" name=\"captcha_answer\" required placeholder=\"Tu respuesta\">\n              <input type=\"hidden\" name=\"_cpta_a\" value=\"7\">\n              <input type=\"hidden\" name=\"_cpta_b\" value=\"3\">\n              <input type=\"hidden\" name=\"_cpta_sig\" value=\"ce62e6d95211d31cf62633bf324f0cf2418fd2fc97969d3fe6368e990a1aed68\">\n            <\/div>\n\n            \n            <div class=\"policy\">\n              <label>\n                <input type=\"checkbox\" name=\"acepto\" value=\"1\" >\n                <span>Acepto las <a href=\"https:\/\/expomobile.co\/wp-content\/uploads\/2022\/12\/POLITICA-DE-TRATAMIENTO-DE-DATOS-PERSONALES.pdf\" target=\"_blank\" rel=\"noopener\">Pol\u00edticas de Tratamiento de Datos Personales<\/a>.<\/span>\n              <\/label>\n            <\/div>\n\n            \n            <input type=\"hidden\" name=\"_expo_nonce\" value=\"22351a2304\">\n            <input type=\"hidden\" name=\"event_key\" value=\"panama_2026\">\n            <p style=\"text-align:center;\">\n              <button type=\"submit\" name=\"expo_reg_submit\" value=\"1\" class=\"expo-btn\">Enviar registro<\/button>\n            <\/p>\n          <\/form>\n        <\/div>\n\n        <\/div>\n\t\t\t\t<\/div>\n\t\t\t\t<\/div>\n\t\t\t\t\t<\/div>\n\t\t\t\t<\/div>\n\t\t<div class=\"elementor-element elementor-element-7b0d382 e-con-full e-flex e-con e-parent\" data-id=\"7b0d382\" data-element_type=\"container\">\n\t\t\t\t<div class=\"elementor-element elementor-element-4853b5c elementor-widget elementor-widget-html\" data-id=\"4853b5c\" data-element_type=\"widget\" data-widget_type=\"html.default\">\n\t\t\t\t<div class=\"elementor-widget-container\">\n\t\t\t<style>\n  \/* Wrapper que fuerza alto de pantalla *\/\n  .expo-closed-page{\n    min-height: calc(100vh - 120px); \/* ajusta 120px si tu header es m\u00e1s alto *\/\n    display: flex;\n    align-items: center;\n    justify-content: center;\n    padding: 24px 16px;\n  }\n\n  .expo-closed-wrap{\n    width: 100%;\n    max-width: 760px;\n    padding: 22px;\n    border: 1px solid #e9e9ef;\n    border-radius: 16px;\n    background: #ffffff;\n\n    font-family: Montserrat, system-ui, -apple-system, Segoe UI, Roboto, Arial, sans-serif;\n    color: #111827;\n  }\n\n  .expo-closed-hero{ display:flex; gap:14px; align-items:flex-start; }\n\n  .expo-closed-icon{\n    width:48px;height:48px;border-radius:14px;background:#f3f4f6;\n    display:flex;align-items:center;justify-content:center;flex:0 0 auto;\n  }\n\n  .expo-closed-title{\n    margin:0;\n    font-family: Roboto, Arial, sans-serif;\n    font-size:37px;\n    line-height:1.25;\n    font-weight:800;\n  }\n\n  .expo-closed-sub{\n    margin:6px 0 0;\n    font-size:16px;\n    line-height:1.55;\n    color:#4b5563;\n  }\n\n  .expo-closed-box{\n    margin-top:16px;\n    padding:14px;\n    border-radius:12px;\n    background:#f9fafb;\n    border:1px dashed #e5e7eb;\n  }\n  .expo-closed-box p{\n    margin:0;\n    font-size:18px;\n    line-height:1.6;\n    color:#374151;\n  }\n\n  .expo-closed-note{\n    margin-top:12px;\n    font-size:16px;\n    color:#6b7280;\n  }\n\n  @media (max-width:560px){\n    .expo-closed-wrap{ padding:18px; }\n    .expo-closed-title{ font-size:20px; }\n  }\n<\/style>\n\n<div class=\"expo-closed-page\">\n  <div class=\"expo-closed-wrap\" role=\"status\" aria-live=\"polite\">\n    <div class=\"expo-closed-hero\">\n      <div class=\"expo-closed-icon\" aria-hidden=\"true\">\n        <svg width=\"22\" height=\"22\" viewBox=\"0 0 24 24\" fill=\"none\">\n          <path d=\"M12 9v4\" stroke=\"currentColor\" stroke-width=\"2\" stroke-linecap=\"round\"\/>\n          <path d=\"M12 17h.01\" stroke=\"currentColor\" stroke-width=\"3\" stroke-linecap=\"round\"\/>\n          <path d=\"M8.5 7V5.5A3.5 3.5 0 0 1 12 2a3.5 3.5 0 0 1 3.5 3.5V7\" stroke=\"currentColor\" stroke-width=\"2\" stroke-linejoin=\"round\"\/>\n          <path d=\"M7 7h10v14H7V7Z\" stroke=\"currentColor\" stroke-width=\"2\" stroke-linejoin=\"round\"\/>\n        <\/svg>\n      <\/div>\n\n      <div>\n        <h2 class=\"expo-closed-title\">Inscripciones cerradas<\/h2>\n        <p class=\"expo-closed-sub\">\n          Gracias por tu inter\u00e9s. El registro para este evento ya finaliz\u00f3.\n        <\/p>\n      <\/div>\n    <\/div>\n\n    <div class=\"expo-closed-box\">\n      <p>\n        Si ya te registraste, revisa tu correo: all\u00ed encontrar\u00e1s tu pase (PDF \/ Wallet) y el c\u00f3digo QR.\n        En el ingreso, el equipo de check-in te ayudar\u00e1 con la validaci\u00f3n.\n      <\/p>\n    <\/div>\n\n    <div class=\"expo-closed-note\">\n      Nota: El ingreso al evento se valida directamente con tu QR o token en el punto de check-in. Por eso, la validaci\u00f3n no se realiza desde esta p\u00e1gina.\n    <\/div>\n  <\/div>\n<\/div>\n\t\t<\/div>\n\t\t\t\t<\/div>\n\t\t\t\t<\/div>\n\t\t\t\t<\/div>\n\t\t","protected":false},"excerpt":{"rendered":"<p>&nbsp; Inscripciones cerradas Gracias por tu inter\u00e9s. El registro para este evento ya finaliz\u00f3. Si ya te registraste, revisa tu correo: all\u00ed encontrar\u00e1s tu pase (PDF \/ Wallet) y el c\u00f3digo QR. En el ingreso, el equipo de check-in te ayudar\u00e1 con la validaci\u00f3n. Nota: El ingreso al evento se valida directamente con tu QR [&hellip;]<\/p>\n","protected":false},"author":1,"featured_media":0,"parent":0,"menu_order":0,"comment_status":"closed","ping_status":"closed","template":"","meta":{"footnotes":""},"class_list":["post-4072","page","type-page","status-publish","hentry"],"cubewp_post_meta":[],"taxonomies":[],"yoast_head":"<!-- This site is optimized with the Yoast SEO plugin v27.5 - https:\/\/yoast.com\/product\/yoast-seo-wordpress\/ -->\n<title>Registro Edici\u00f3n M\u00e9xico - Expomobile Guide<\/title>\n<meta name=\"description\" content=\"Accede a Registro Edici\u00f3n M\u00e9xico. Formulario de registro para el evento del sector m\u00f3vil.\" \/>\n<meta name=\"robots\" content=\"index, follow, max-snippet:-1, max-image-preview:large, max-video-preview:-1\" \/>\n<link rel=\"canonical\" href=\"https:\/\/expomobile.co\/guide\/registro-edicion-mexico\/\" \/>\n<meta property=\"og:locale\" content=\"es_ES\" \/>\n<meta property=\"og:type\" content=\"article\" \/>\n<meta property=\"og:title\" content=\"Registro Edici\u00f3n M\u00e9xico - Expomobile Guide\" \/>\n<meta property=\"og:description\" content=\"Accede a Registro Edici\u00f3n M\u00e9xico. Formulario de registro para el evento del sector m\u00f3vil.\" \/>\n<meta property=\"og:url\" content=\"https:\/\/expomobile.co\/guide\/registro-edicion-mexico\/\" \/>\n<meta property=\"og:site_name\" content=\"Expomobile Guide\" \/>\n<meta property=\"article:modified_time\" content=\"2026-04-15T14:24:10+00:00\" \/>\n<meta name=\"twitter:card\" content=\"summary_large_image\" \/>\n<meta name=\"twitter:label1\" content=\"Tiempo de lectura\" \/>\n\t<meta name=\"twitter:data1\" content=\"1 minuto\" \/>\n<script type=\"application\/ld+json\" class=\"yoast-schema-graph\">{\"@context\":\"https:\\\/\\\/schema.org\",\"@graph\":[{\"@type\":\"WebPage\",\"@id\":\"https:\\\/\\\/expomobile.co\\\/guide\\\/registro-edicion-mexico\\\/\",\"url\":\"https:\\\/\\\/expomobile.co\\\/guide\\\/registro-edicion-mexico\\\/\",\"name\":\"Registro Edici\u00f3n M\u00e9xico - Expomobile Guide\",\"isPartOf\":{\"@id\":\"https:\\\/\\\/expomobile.co\\\/guide\\\/#website\"},\"datePublished\":\"2025-11-09T20:58:12+00:00\",\"dateModified\":\"2026-04-15T14:24:10+00:00\",\"description\":\"Accede a Registro Edici\u00f3n M\u00e9xico. Formulario de registro para el evento del sector m\u00f3vil.\",\"breadcrumb\":{\"@id\":\"https:\\\/\\\/expomobile.co\\\/guide\\\/registro-edicion-mexico\\\/#breadcrumb\"},\"inLanguage\":\"es\",\"potentialAction\":[{\"@type\":\"ReadAction\",\"target\":[\"https:\\\/\\\/expomobile.co\\\/guide\\\/registro-edicion-mexico\\\/\"]}]},{\"@type\":\"BreadcrumbList\",\"@id\":\"https:\\\/\\\/expomobile.co\\\/guide\\\/registro-edicion-mexico\\\/#breadcrumb\",\"itemListElement\":[{\"@type\":\"ListItem\",\"position\":1,\"name\":\"Portada\",\"item\":\"https:\\\/\\\/expomobile.co\\\/guide\\\/\"},{\"@type\":\"ListItem\",\"position\":2,\"name\":\"Registro Edici\u00f3n M\u00e9xico\"}]},{\"@type\":\"WebSite\",\"@id\":\"https:\\\/\\\/expomobile.co\\\/guide\\\/#website\",\"url\":\"https:\\\/\\\/expomobile.co\\\/guide\\\/\",\"name\":\"Expomobile Guide\",\"description\":\"\",\"potentialAction\":[{\"@type\":\"SearchAction\",\"target\":{\"@type\":\"EntryPoint\",\"urlTemplate\":\"https:\\\/\\\/expomobile.co\\\/guide\\\/?s={search_term_string}\"},\"query-input\":{\"@type\":\"PropertyValueSpecification\",\"valueRequired\":true,\"valueName\":\"search_term_string\"}}],\"inLanguage\":\"es\"}]}<\/script>\n<!-- \/ Yoast SEO plugin. -->","yoast_head_json":{"title":"Registro Edici\u00f3n M\u00e9xico - Expomobile Guide","description":"Accede a Registro Edici\u00f3n M\u00e9xico. Formulario de registro para el evento del sector m\u00f3vil.","robots":{"index":"index","follow":"follow","max-snippet":"max-snippet:-1","max-image-preview":"max-image-preview:large","max-video-preview":"max-video-preview:-1"},"canonical":"https:\/\/expomobile.co\/guide\/registro-edicion-mexico\/","og_locale":"es_ES","og_type":"article","og_title":"Registro Edici\u00f3n M\u00e9xico - Expomobile Guide","og_description":"Accede a Registro Edici\u00f3n M\u00e9xico. Formulario de registro para el evento del sector m\u00f3vil.","og_url":"https:\/\/expomobile.co\/guide\/registro-edicion-mexico\/","og_site_name":"Expomobile Guide","article_modified_time":"2026-04-15T14:24:10+00:00","twitter_card":"summary_large_image","twitter_misc":{"Tiempo de lectura":"1 minuto"},"schema":{"@context":"https:\/\/schema.org","@graph":[{"@type":"WebPage","@id":"https:\/\/expomobile.co\/guide\/registro-edicion-mexico\/","url":"https:\/\/expomobile.co\/guide\/registro-edicion-mexico\/","name":"Registro Edici\u00f3n M\u00e9xico - Expomobile Guide","isPartOf":{"@id":"https:\/\/expomobile.co\/guide\/#website"},"datePublished":"2025-11-09T20:58:12+00:00","dateModified":"2026-04-15T14:24:10+00:00","description":"Accede a Registro Edici\u00f3n M\u00e9xico. Formulario de registro para el evento del sector m\u00f3vil.","breadcrumb":{"@id":"https:\/\/expomobile.co\/guide\/registro-edicion-mexico\/#breadcrumb"},"inLanguage":"es","potentialAction":[{"@type":"ReadAction","target":["https:\/\/expomobile.co\/guide\/registro-edicion-mexico\/"]}]},{"@type":"BreadcrumbList","@id":"https:\/\/expomobile.co\/guide\/registro-edicion-mexico\/#breadcrumb","itemListElement":[{"@type":"ListItem","position":1,"name":"Portada","item":"https:\/\/expomobile.co\/guide\/"},{"@type":"ListItem","position":2,"name":"Registro Edici\u00f3n M\u00e9xico"}]},{"@type":"WebSite","@id":"https:\/\/expomobile.co\/guide\/#website","url":"https:\/\/expomobile.co\/guide\/","name":"Expomobile Guide","description":"","potentialAction":[{"@type":"SearchAction","target":{"@type":"EntryPoint","urlTemplate":"https:\/\/expomobile.co\/guide\/?s={search_term_string}"},"query-input":{"@type":"PropertyValueSpecification","valueRequired":true,"valueName":"search_term_string"}}],"inLanguage":"es"}]}},"_links":{"self":[{"href":"https:\/\/expomobile.co\/guide\/wp-json\/wp\/v2\/pages\/4072","targetHints":{"allow":["GET"]}}],"collection":[{"href":"https:\/\/expomobile.co\/guide\/wp-json\/wp\/v2\/pages"}],"about":[{"href":"https:\/\/expomobile.co\/guide\/wp-json\/wp\/v2\/types\/page"}],"author":[{"embeddable":true,"href":"https:\/\/expomobile.co\/guide\/wp-json\/wp\/v2\/users\/1"}],"replies":[{"embeddable":true,"href":"https:\/\/expomobile.co\/guide\/wp-json\/wp\/v2\/comments?post=4072"}],"version-history":[{"count":36,"href":"https:\/\/expomobile.co\/guide\/wp-json\/wp\/v2\/pages\/4072\/revisions"}],"predecessor-version":[{"id":4477,"href":"https:\/\/expomobile.co\/guide\/wp-json\/wp\/v2\/pages\/4072\/revisions\/4477"}],"wp:attachment":[{"href":"https:\/\/expomobile.co\/guide\/wp-json\/wp\/v2\/media?parent=4072"}],"curies":[{"name":"wp","href":"https:\/\/api.w.org\/{rel}","templated":true}]}}